{"id":3521,"date":"2020-03-26T10:25:54","date_gmt":"2020-03-26T09:25:54","guid":{"rendered":"https:\/\/www.cartegie.com\/site-map\/"},"modified":"2020-04-27T09:48:01","modified_gmt":"2020-04-27T07:48:01","slug":"site-map","status":"publish","type":"page","link":"https:\/\/www.cartegie.com\/en\/site-map","title":{"rendered":"Site map"},"content":{"rendered":"","protected":false},"excerpt":{"rendered":"","protected":false},"author":1,"featured_media":0,"parent":0,"menu_order":0,"comment_status":"closed","ping_status":"closed","template":"","meta":{"_acf_changed":false,"footnotes":""},"class_list":["post-3521","page","type-page","status-publish","hentry"],"acf":[],"yoast_head":"<!-- This site is optimized with the Yoast SEO plugin v27.2 - https:\/\/yoast.com\/product\/yoast-seo-wordpress\/ -->\n<title>Site map - CART\u00c9GIE - Data Management et bases de donn\u00e9es<\/title>\n<meta name=\"description\" content=\"Consult the Cart\u00e9gie site map to easily find your way through the information and offers available. Cart\u00e9gie, data marketing expert, customer knowledge and digital ...\" \/>\n<meta name=\"robots\" content=\"index, follow, max-snippet:-1, max-image-preview:large, max-video-preview:-1\" \/>\n<link rel=\"canonical\" href=\"https:\/\/www.cartegie.com\/en\/site-map\" \/>\n<meta property=\"og:locale\" content=\"en_US\" \/>\n<meta property=\"og:type\" content=\"article\" \/>\n<meta property=\"og:title\" content=\"Site map - CART\u00c9GIE - Data Management et bases de donn\u00e9es\" \/>\n<meta property=\"og:description\" content=\"Consult the Cart\u00e9gie site map to easily find your way through the information and offers available. Cart\u00e9gie, data marketing expert, customer knowledge and digital ...\" \/>\n<meta property=\"og:url\" content=\"https:\/\/www.cartegie.com\/en\/site-map\" \/>\n<meta property=\"og:site_name\" content=\"CART\u00c9GIE - Data Management et bases de donn\u00e9es\" \/>\n<meta property=\"article:modified_time\" content=\"2020-04-27T07:48:01+00:00\" \/>\n<meta name=\"twitter:card\" content=\"summary_large_image\" \/>\n<script type=\"application\/ld+json\" class=\"yoast-schema-graph\">{\"@context\":\"https:\/\/schema.org\",\"@graph\":[{\"@type\":\"WebPage\",\"@id\":\"https:\/\/www.cartegie.com\/en\/site-map\",\"url\":\"https:\/\/www.cartegie.com\/en\/site-map\",\"name\":\"Site map - CART\u00c9GIE - Data Management et bases de donn\u00e9es\",\"isPartOf\":{\"@id\":\"https:\/\/www.cartegie.com\/#website\"},\"datePublished\":\"2020-03-26T09:25:54+00:00\",\"dateModified\":\"2020-04-27T07:48:01+00:00\",\"description\":\"Consult the Cart\u00e9gie site map to easily find your way through the information and offers available. Cart\u00e9gie, data marketing expert, customer knowledge and digital ...\",\"breadcrumb\":{\"@id\":\"https:\/\/www.cartegie.com\/en\/site-map#breadcrumb\"},\"inLanguage\":\"en-US\",\"potentialAction\":[{\"@type\":\"ReadAction\",\"target\":[\"https:\/\/www.cartegie.com\/en\/site-map\"]}]},{\"@type\":\"BreadcrumbList\",\"@id\":\"https:\/\/www.cartegie.com\/en\/site-map#breadcrumb\",\"itemListElement\":[{\"@type\":\"ListItem\",\"position\":1,\"name\":\"Home\",\"item\":\"https:\/\/www.cartegie.com\/en\"},{\"@type\":\"ListItem\",\"position\":2,\"name\":\"Site map\"}]},{\"@type\":\"WebSite\",\"@id\":\"https:\/\/www.cartegie.com\/#website\",\"url\":\"https:\/\/www.cartegie.com\/\",\"name\":\"CART\u00c9GIE - Data Management et bases de donn\u00e9es\",\"description\":\"\",\"potentialAction\":[{\"@type\":\"SearchAction\",\"target\":{\"@type\":\"EntryPoint\",\"urlTemplate\":\"https:\/\/www.cartegie.com\/?s={search_term_string}\"},\"query-input\":{\"@type\":\"PropertyValueSpecification\",\"valueRequired\":true,\"valueName\":\"search_term_string\"}}],\"inLanguage\":\"en-US\"}]}<\/script>\n<!-- \/ Yoast SEO plugin. -->","yoast_head_json":{"title":"Site map - CART\u00c9GIE - Data Management et bases de donn\u00e9es","description":"Consult the Cart\u00e9gie site map to easily find your way through the information and offers available. Cart\u00e9gie, data marketing expert, customer knowledge and digital ...","robots":{"index":"index","follow":"follow","max-snippet":"max-snippet:-1","max-image-preview":"max-image-preview:large","max-video-preview":"max-video-preview:-1"},"canonical":"https:\/\/www.cartegie.com\/en\/site-map","og_locale":"en_US","og_type":"article","og_title":"Site map - CART\u00c9GIE - Data Management et bases de donn\u00e9es","og_description":"Consult the Cart\u00e9gie site map to easily find your way through the information and offers available. Cart\u00e9gie, data marketing expert, customer knowledge and digital ...","og_url":"https:\/\/www.cartegie.com\/en\/site-map","og_site_name":"CART\u00c9GIE - Data Management et bases de donn\u00e9es","article_modified_time":"2020-04-27T07:48:01+00:00","twitter_card":"summary_large_image","schema":{"@context":"https:\/\/schema.org","@graph":[{"@type":"WebPage","@id":"https:\/\/www.cartegie.com\/en\/site-map","url":"https:\/\/www.cartegie.com\/en\/site-map","name":"Site map - CART\u00c9GIE - Data Management et bases de donn\u00e9es","isPartOf":{"@id":"https:\/\/www.cartegie.com\/#website"},"datePublished":"2020-03-26T09:25:54+00:00","dateModified":"2020-04-27T07:48:01+00:00","description":"Consult the Cart\u00e9gie site map to easily find your way through the information and offers available. Cart\u00e9gie, data marketing expert, customer knowledge and digital ...","breadcrumb":{"@id":"https:\/\/www.cartegie.com\/en\/site-map#breadcrumb"},"inLanguage":"en-US","potentialAction":[{"@type":"ReadAction","target":["https:\/\/www.cartegie.com\/en\/site-map"]}]},{"@type":"BreadcrumbList","@id":"https:\/\/www.cartegie.com\/en\/site-map#breadcrumb","itemListElement":[{"@type":"ListItem","position":1,"name":"Home","item":"https:\/\/www.cartegie.com\/en"},{"@type":"ListItem","position":2,"name":"Site map"}]},{"@type":"WebSite","@id":"https:\/\/www.cartegie.com\/#website","url":"https:\/\/www.cartegie.com\/","name":"CART\u00c9GIE - Data Management et bases de donn\u00e9es","description":"","potentialAction":[{"@type":"SearchAction","target":{"@type":"EntryPoint","urlTemplate":"https:\/\/www.cartegie.com\/?s={search_term_string}"},"query-input":{"@type":"PropertyValueSpecification","valueRequired":true,"valueName":"search_term_string"}}],"inLanguage":"en-US"}]}},"_links":{"self":[{"href":"https:\/\/www.cartegie.com\/en\/wp-json\/wp\/v2\/pages\/3521","targetHints":{"allow":["GET"]}}],"collection":[{"href":"https:\/\/www.cartegie.com\/en\/wp-json\/wp\/v2\/pages"}],"about":[{"href":"https:\/\/www.cartegie.com\/en\/wp-json\/wp\/v2\/types\/page"}],"author":[{"embeddable":true,"href":"https:\/\/www.cartegie.com\/en\/wp-json\/wp\/v2\/users\/1"}],"replies":[{"embeddable":true,"href":"https:\/\/www.cartegie.com\/en\/wp-json\/wp\/v2\/comments?post=3521"}],"version-history":[{"count":2,"href":"https:\/\/www.cartegie.com\/en\/wp-json\/wp\/v2\/pages\/3521\/revisions"}],"predecessor-version":[{"id":3834,"href":"https:\/\/www.cartegie.com\/en\/wp-json\/wp\/v2\/pages\/3521\/revisions\/3834"}],"wp:attachment":[{"href":"https:\/\/www.cartegie.com\/en\/wp-json\/wp\/v2\/media?parent=3521"}],"curies":[{"name":"wp","href":"https:\/\/api.w.org\/{rel}","templated":true}]}}